{"id":1523,"date":"2025-06-16T17:39:16","date_gmt":"2025-06-16T17:39:16","guid":{"rendered":"https:\/\/casasdomarmore.pt\/contact\/"},"modified":"2025-06-17T17:04:31","modified_gmt":"2025-06-17T17:04:31","slug":"contact","status":"publish","type":"page","link":"https:\/\/casasdomarmore.pt\/en\/contact\/","title":{"rendered":"Contact"},"content":{"rendered":"[vc_row type=&#8221;full_width_background&#8221; full_screen_row_position=&#8221;middle&#8221; column_margin=&#8221;default&#8221; equal_height=&#8221;yes&#8221; content_placement=&#8221;top&#8221; column_direction=&#8221;default&#8221; column_direction_tablet=&#8221;default&#8221; column_direction_phone=&#8221;default&#8221; bg_color=&#8221;#ffffff&#8221; scene_position=&#8221;center&#8221; top_padding=&#8221;4%&#8221; text_color=&#8221;dark&#8221; text_align=&#8221;left&#8221; row_border_radius=&#8221;none&#8221; row_border_radius_applies=&#8221;bg&#8221; overflow=&#8221;visible&#8221; overlay_strength=&#8221;0.3&#8243; gradient_direction=&#8221;left_to_right&#8221; shape_divider_position=&#8221;bottom&#8221; bg_image_animation=&#8221;none&#8221; gradient_type=&#8221;default&#8221; shape_type=&#8221;&#8221;][vc_column column_padding=&#8221;padding-2-percent&#8221; column_padding_tablet=&#8221;inherit&#8221; column_padding_phone=&#8221;inherit&#8221; column_padding_position=&#8221;all&#8221; column_element_direction_desktop=&#8221;default&#8221; column_element_spacing=&#8221;default&#8221; desktop_text_alignment=&#8221;default&#8221; tablet_text_alignment=&#8221;default&#8221; phone_text_alignment=&#8221;default&#8221; background_color_opacity=&#8221;1&#8243; background_hover_color_opacity=&#8221;1&#8243; column_backdrop_filter=&#8221;none&#8221; column_shadow=&#8221;none&#8221; column_border_radius=&#8221;none&#8221; column_link_target=&#8221;_self&#8221; column_position=&#8221;default&#8221; gradient_direction=&#8221;left_to_right&#8221; overlay_strength=&#8221;0.3&#8243; width=&#8221;1\/2&#8243; tablet_width_inherit=&#8221;default&#8221; animation_type=&#8221;default&#8221; bg_image_animation=&#8221;none&#8221; border_type=&#8221;simple&#8221; column_border_width=&#8221;none&#8221; column_border_style=&#8221;solid&#8221; column_padding_type=&#8221;default&#8221; gradient_type=&#8221;default&#8221;][vc_raw_html css=&#8221;&#8221;]PGlmcmFtZSBzcmM9Imh0dHBzOi8vd3d3Lmdvb2dsZS5jb20vbWFwcy9lbWJlZD9wYj0hMW0xOCExbTEyITFtMyExZDQzMy41Mjg5NTA0NDExOTE0ITJkLTkuMzIzMTE5NTczOTE4MjQxITNkMzguODU2MTA2NjI3ODA5NTkhMm0zITFmMCEyZjAhM2YwITNtMiExaTEwMjQhMmk3NjghNGYxMy4xITNtMyExbTIhMXMweGQxZWQxMjgyNzUzMWZlZiUzQTB4N2ZlNTExZDQ0NzIwNzAzYiEyc0F2LiUyME1hbnVlbCUyMFNpbSVDMyVCNWVzJTIwQ2FycmFzcXVlaXJhJTIwMjQlMkMlMjAyNzE1LTA5MSUyMFAlQzMlQUFybyUyMFBpbmhlaXJvITVlMCEzbTIhMXNwdC1QVCEyc3B0ITR2MTc1MDA5NjQyODUxMCE1bTIhMXNwdC1QVCEyc3B0IiB3aWR0aD0iNjAwIiBoZWlnaHQ9IjQ1MCIgc3R5bGU9ImJvcmRlcjowOyIgYWxsb3dmdWxsc2NyZWVuPSIiIGxvYWRpbmc9ImxhenkiIHJlZmVycmVycG9saWN5PSJuby1yZWZlcnJlci13aGVuLWRvd25ncmFkZSI+PC9pZnJhbWU+[\/vc_raw_html][\/vc_column][vc_column column_padding=&#8221;padding-7-percent&#8221; column_padding_tablet=&#8221;inherit&#8221; column_padding_phone=&#8221;inherit&#8221; column_padding_position=&#8221;all&#8221; column_element_direction_desktop=&#8221;default&#8221; column_element_spacing=&#8221;default&#8221; desktop_text_alignment=&#8221;default&#8221; tablet_text_alignment=&#8221;default&#8221; phone_text_alignment=&#8221;default&#8221; background_color_opacity=&#8221;1&#8243; background_hover_color_opacity=&#8221;1&#8243; column_backdrop_filter=&#8221;none&#8221; column_shadow=&#8221;none&#8221; column_border_radius=&#8221;none&#8221; column_link_target=&#8221;_self&#8221; column_position=&#8221;default&#8221; gradient_direction=&#8221;left_to_right&#8221; overlay_strength=&#8221;0.3&#8243; width=&#8221;1\/2&#8243; tablet_width_inherit=&#8221;default&#8221; animation_type=&#8221;default&#8221; bg_image_animation=&#8221;none&#8221; border_type=&#8221;simple&#8221; column_border_width=&#8221;none&#8221; column_border_style=&#8221;solid&#8221;][vc_column_text css=&#8221;&#8221; text_direction=&#8221;default&#8221;]\n<h3>Contact<\/h3>\n<p><strong>Phone: <a href=\"tel:+351965004782\">+351 965 004 782<\/a><br \/>\nEmail: <a href=\"mailto:geral@casasdomarmore.pt\">geral@casasdomarmore.pt<\/a><br \/>\nEmail: <a href=\"mailto:booking@casasdomarmore.pt\">booking@casasdomarmore.pt<\/a><\/strong><\/p>\n<p>&nbsp;<\/p>\n<h5>Where are we?<\/h5>\n<p>Avenida Manuel Sim\u00f5es Carrasqueira, n\u00ba 24<br \/>\nPine Pear<br \/>\n2715-091 Sintra &#8211; Pero Pinheiro[\/vc_column_text][nectar_btn size=&#8221;large&#8221; button_style=&#8221;see-through-2&#8243; hover_text_color_override=&#8221;#ffffff&#8221; icon_family=&#8221;fontawesome&#8221; text=&#8221;MAKE YOUR RESERVATION&#8221; url=&#8221;#reserva&#8221; margin_top=&#8221;10&#8243; margin_bottom=&#8221;10&#8243; margin_left=&#8221;10&#8243; margin_right=&#8221;10&#8243; icon_fontawesome=&#8221;fa fa-bookmark&#8221;][\/vc_column][\/vc_row][vc_row type=&#8221;full_width_background&#8221; full_screen_row_position=&#8221;middle&#8221; column_margin=&#8221;default&#8221; column_direction=&#8221;default&#8221; column_direction_tablet=&#8221;default&#8221; column_direction_phone=&#8221;default&#8221; scene_position=&#8221;center&#8221; top_padding=&#8221;4%&#8221; bottom_padding=&#8221;6%&#8221; text_color=&#8221;dark&#8221; text_align=&#8221;left&#8221; row_border_radius=&#8221;none&#8221; row_border_radius_applies=&#8221;bg&#8221; overflow=&#8221;visible&#8221; id=&#8221;reserva&#8221; overlay_strength=&#8221;0.3&#8243; gradient_direction=&#8221;left_to_right&#8221; shape_divider_position=&#8221;bottom&#8221; bg_image_animation=&#8221;none&#8221; gradient_type=&#8221;default&#8221; shape_type=&#8221;&#8221;][vc_column column_padding=&#8221;no-extra-padding&#8221; column_padding_tablet=&#8221;inherit&#8221; column_padding_phone=&#8221;inherit&#8221; column_padding_position=&#8221;all&#8221; column_element_direction_desktop=&#8221;default&#8221; column_element_spacing=&#8221;default&#8221; desktop_text_alignment=&#8221;default&#8221; tablet_text_alignment=&#8221;default&#8221; phone_text_alignment=&#8221;default&#8221; background_color_opacity=&#8221;1&#8243; background_hover_color_opacity=&#8221;1&#8243; column_backdrop_filter=&#8221;none&#8221; column_shadow=&#8221;none&#8221; column_border_radius=&#8221;none&#8221; column_link_target=&#8221;_self&#8221; column_position=&#8221;default&#8221; gradient_direction=&#8221;left_to_right&#8221; overlay_strength=&#8221;0.3&#8243; width=&#8221;1\/6&#8243; tablet_width_inherit=&#8221;default&#8221; animation_type=&#8221;default&#8221; bg_image_animation=&#8221;none&#8221; border_type=&#8221;simple&#8221; column_border_width=&#8221;none&#8221; column_border_style=&#8221;solid&#8221;][\/vc_column][vc_column column_padding=&#8221;no-extra-padding&#8221; column_padding_tablet=&#8221;inherit&#8221; column_padding_phone=&#8221;inherit&#8221; column_padding_position=&#8221;all&#8221; column_element_direction_desktop=&#8221;default&#8221; column_element_spacing=&#8221;default&#8221; desktop_text_alignment=&#8221;default&#8221; tablet_text_alignment=&#8221;default&#8221; phone_text_alignment=&#8221;default&#8221; background_color_opacity=&#8221;1&#8243; background_hover_color_opacity=&#8221;1&#8243; column_backdrop_filter=&#8221;none&#8221; column_shadow=&#8221;none&#8221; column_border_radius=&#8221;none&#8221; column_link_target=&#8221;_self&#8221; column_position=&#8221;default&#8221; gradient_direction=&#8221;left_to_right&#8221; overlay_strength=&#8221;0.3&#8243; width=&#8221;2\/3&#8243; tablet_width_inherit=&#8221;default&#8221; animation_type=&#8221;default&#8221; bg_image_animation=&#8221;none&#8221; border_type=&#8221;simple&#8221; column_border_width=&#8221;none&#8221; column_border_style=&#8221;solid&#8221;]\n<div class=\"wpcf7 no-js\" id=\"wpcf7-f826-o1\" lang=\"pt-PT\" dir=\"ltr\" data-wpcf7-id=\"826\">\n<div class=\"screen-reader-response\"><p role=\"status\" aria-live=\"polite\" aria-atomic=\"true\"><\/p> <ul><\/ul><\/div>\n<form action=\"\/en\/wp-json\/wp\/v2\/pages\/1523#wpcf7-f826-o1\" method=\"post\" class=\"wpcf7-form init\" aria-label=\"Formul\u00e1rio de contacto\" novalidate=\"novalidate\" data-status=\"init\">\n<fieldset class=\"hidden-fields-container\"><input type=\"hidden\" name=\"_wpcf7\" value=\"826\" \/><input type=\"hidden\" name=\"_wpcf7_version\" value=\"6.1.5\" \/><input type=\"hidden\" name=\"_wpcf7_locale\" value=\"pt_PT\" \/><input type=\"hidden\" name=\"_wpcf7_unit_tag\" value=\"wpcf7-f826-o1\" \/><input type=\"hidden\" name=\"_wpcf7_container_post\" value=\"0\" \/><input type=\"hidden\" name=\"_wpcf7_posted_data_hash\" value=\"\" \/>\n<\/fieldset>\n<p><label> Nome:<br \/>\n<span class=\"wpcf7-form-control-wrap\" data-name=\"your-name\"><input size=\"40\" maxlength=\"400\" class=\"wpcf7-form-control wpcf7-text wpcf7-validates-as-required\" autocomplete=\"name\" aria-required=\"true\" aria-invalid=\"false\" value=\"\" type=\"text\" name=\"your-name\" \/><\/span> <\/label>\n<\/p>\n<p><label> Email:<br \/>\n<span class=\"wpcf7-form-control-wrap\" data-name=\"your-email\"><input size=\"40\" maxlength=\"400\" class=\"wpcf7-form-control wpcf7-email wpcf7-validates-as-required wpcf7-text wpcf7-validates-as-email\" autocomplete=\"email\" aria-required=\"true\" aria-invalid=\"false\" value=\"\" type=\"email\" name=\"your-email\" \/><\/span> <\/label>\n<\/p>\n<p><label> Telefone:<br \/>\n<span class=\"wpcf7-form-control-wrap\" data-name=\"tel-930\"><input size=\"40\" maxlength=\"400\" class=\"wpcf7-form-control wpcf7-tel wpcf7-validates-as-required wpcf7-text wpcf7-validates-as-tel\" aria-required=\"true\" aria-invalid=\"false\" placeholder=\"Ex: +351 9xx xxx xxx\" value=\"\" type=\"tel\" name=\"tel-930\" \/><\/span> <\/label>\n<\/p>\n<p><label> Assunto<br \/>\n<span class=\"wpcf7-form-control-wrap\" data-name=\"your-subject\"><input size=\"40\" maxlength=\"400\" class=\"wpcf7-form-control wpcf7-text wpcf7-validates-as-required\" aria-required=\"true\" aria-invalid=\"false\" value=\"\" type=\"text\" name=\"your-subject\" \/><\/span> <\/label>\n<\/p>\n<p><label> A sua mensagem (opcional)<br \/>\n<span class=\"wpcf7-form-control-wrap\" data-name=\"your-message\"><textarea cols=\"40\" rows=\"3\" maxlength=\"2000\" class=\"wpcf7-form-control wpcf7-textarea\" aria-invalid=\"false\" name=\"your-message\"><\/textarea><\/span> <\/label>\n<\/p>\n<p><label> Pretendo realizar uma reserva.<br \/>\n<span class=\"wpcf7-form-control-wrap\" data-name=\"checkbox-527\"><span class=\"wpcf7-form-control wpcf7-checkbox wpcf7-validates-as-required\"><span class=\"wpcf7-list-item first\"><label><input type=\"checkbox\" name=\"checkbox-527[]\" value=\"T0-A\" \/><span class=\"wpcf7-list-item-label\">T0-A<\/span><\/label><\/span><span class=\"wpcf7-list-item\"><label><input type=\"checkbox\" name=\"checkbox-527[]\" value=\"T0-B\" \/><span class=\"wpcf7-list-item-label\">T0-B<\/span><\/label><\/span><span class=\"wpcf7-list-item\"><label><input type=\"checkbox\" name=\"checkbox-527[]\" value=\"T0-C\" \/><span class=\"wpcf7-list-item-label\">T0-C<\/span><\/label><\/span><span class=\"wpcf7-list-item\"><label><input type=\"checkbox\" name=\"checkbox-527[]\" value=\"Quarto 01 2Pax Max\" \/><span class=\"wpcf7-list-item-label\">Quarto 01 2Pax Max<\/span><\/label><\/span><span class=\"wpcf7-list-item\"><label><input type=\"checkbox\" name=\"checkbox-527[]\" value=\"Quarto 02 2Pax Max\" \/><span class=\"wpcf7-list-item-label\">Quarto 02 2Pax Max<\/span><\/label><\/span><span class=\"wpcf7-list-item\"><label><input type=\"checkbox\" name=\"checkbox-527[]\" value=\"Quarto 03 2Pax Max\" \/><span class=\"wpcf7-list-item-label\">Quarto 03 2Pax Max<\/span><\/label><\/span><span class=\"wpcf7-list-item\"><label><input type=\"checkbox\" name=\"checkbox-527[]\" value=\"Quarto 04 2Pax Max\" \/><span class=\"wpcf7-list-item-label\">Quarto 04 2Pax Max<\/span><\/label><\/span><span class=\"wpcf7-list-item\"><label><input type=\"checkbox\" name=\"checkbox-527[]\" value=\"Quarto 05 4Pax Max\" \/><span class=\"wpcf7-list-item-label\">Quarto 05 4Pax Max<\/span><\/label><\/span><span class=\"wpcf7-list-item\"><label><input type=\"checkbox\" name=\"checkbox-527[]\" value=\"Quarto 06 2Pax Max\" \/><span class=\"wpcf7-list-item-label\">Quarto 06 2Pax Max<\/span><\/label><\/span><span class=\"wpcf7-list-item last\"><label><input type=\"checkbox\" name=\"checkbox-527[]\" value=\"Quarto 07 2Pax Max\" \/><span class=\"wpcf7-list-item-label\">Quarto 07 2Pax Max<\/span><\/label><\/span><\/span><\/span><br \/>\n<\/label><label> Data Inicial<br \/>\n<span class=\"wpcf7-form-control-wrap\" data-name=\"date-239\"><input class=\"wpcf7-form-control wpcf7-date wpcf7-validates-as-date\" min=\"2025-06-17\" aria-invalid=\"false\" value=\"2025-06-17\" type=\"date\" name=\"date-239\" \/><\/span><br \/>\n<\/label><label> Pretendo realizar uma reserva durante:<br \/>\n<span class=\"wpcf7-form-control-wrap\" data-name=\"checkbox-825\"><span class=\"wpcf7-form-control wpcf7-checkbox\"><span class=\"wpcf7-list-item first\"><label><input type=\"checkbox\" name=\"checkbox-825[]\" value=\"1 Noite\" \/><span class=\"wpcf7-list-item-label\">1 Noite<\/span><\/label><\/span><span class=\"wpcf7-list-item\"><label><input type=\"checkbox\" name=\"checkbox-825[]\" value=\"2 Noites\" \/><span class=\"wpcf7-list-item-label\">2 Noites<\/span><\/label><\/span><span class=\"wpcf7-list-item\"><label><input type=\"checkbox\" name=\"checkbox-825[]\" value=\"3 Noites\" \/><span class=\"wpcf7-list-item-label\">3 Noites<\/span><\/label><\/span><span class=\"wpcf7-list-item\"><label><input type=\"checkbox\" name=\"checkbox-825[]\" value=\"4 Noites\" \/><span class=\"wpcf7-list-item-label\">4 Noites<\/span><\/label><\/span><span class=\"wpcf7-list-item\"><label><input type=\"checkbox\" name=\"checkbox-825[]\" value=\"5 Noites\" \/><span class=\"wpcf7-list-item-label\">5 Noites<\/span><\/label><\/span><span class=\"wpcf7-list-item last\"><label><input type=\"checkbox\" name=\"checkbox-825[]\" value=\"Outro\" \/><span class=\"wpcf7-list-item-label\">Outro<\/span><\/label><\/span><\/span><\/span><br \/>\n<\/label>\n<\/p>\n<div class=\"\">\n\t<p><span><span class=\"wpcf7-form-control-wrap\" data-name=\"acceptance-279\"><span class=\"wpcf7-form-control wpcf7-acceptance\"><span class=\"wpcf7-list-item\"><input type=\"checkbox\" name=\"acceptance-279\" value=\"1\" checked=\"checked\" aria-invalid=\"false\" \/><\/span><\/span><\/span> Eu li e aceito o <a target=\"_blank\" rel=\"nofollow noopener noreferrer\" href=\"https:\/\/www.casasdomarmore.pt\/politica-de-cookies\/\">Aviso Legal<\/a> e a <a target=\"_blank\" rel=\"nofollow noopener noreferrer\" href=\"https:\/\/www.casasdomarmore.pt\/politica-de-privacidade\/\">Pol\u00edtica de Privacidade <\/a>.<\/span>\n\t<\/p>\n\t<p><span><span class=\"wpcf7-form-control-wrap\" data-name=\"acceptance-414\"><span class=\"wpcf7-form-control wpcf7-acceptance\"><span class=\"wpcf7-list-item\"><input type=\"checkbox\" name=\"acceptance-414\" value=\"1\" checked=\"checked\" aria-invalid=\"false\" \/><\/span><\/span><\/span> Declaro, sob minha responsabilidade, ter mais de 18 anos de idade e respondo exclusivamente \u00e0 veracidade da declara\u00e7\u00e3o.<\/span>\n\t<\/p>\n\t<p><span><span class=\"wpcf7-form-control-wrap\" data-name=\"acceptance-415\"><span class=\"wpcf7-form-control wpcf7-acceptance\"><span class=\"wpcf7-list-item\"><input type=\"checkbox\" name=\"acceptance-415\" value=\"1\" checked=\"checked\" aria-invalid=\"false\" \/><\/span><\/span><\/span> Concordo em receber as informa\u00e7\u00f5es que a entidade considera adequadas para me enviar por e-mail ou por meios electr\u00f3nicos equivalentes de comunica\u00e7\u00e3o. (\u00c9 poss\u00edvel cancelar a inscri\u00e7\u00e3o a qualquer momento).<\/span>\n\t<\/p>\n\t<p><input class=\"wpcf7-form-control wpcf7-submit has-spinner\" type=\"submit\" value=\"Enviar\" \/>\n\t<\/p>\n<\/div><div class=\"wpcf7-response-output\" aria-hidden=\"true\"><\/div>\n<\/form>\n<\/div>\n[\/vc_column][vc_column column_padding=&#8221;no-extra-padding&#8221; column_padding_tablet=&#8221;inherit&#8221; column_padding_phone=&#8221;inherit&#8221; column_padding_position=&#8221;all&#8221; column_element_direction_desktop=&#8221;default&#8221; column_element_spacing=&#8221;default&#8221; desktop_text_alignment=&#8221;default&#8221; tablet_text_alignment=&#8221;default&#8221; phone_text_alignment=&#8221;default&#8221; background_color_opacity=&#8221;1&#8243; background_hover_color_opacity=&#8221;1&#8243; column_backdrop_filter=&#8221;none&#8221; column_shadow=&#8221;none&#8221; column_border_radius=&#8221;none&#8221; column_link_target=&#8221;_self&#8221; column_position=&#8221;default&#8221; gradient_direction=&#8221;left_to_right&#8221; overlay_strength=&#8221;0.3&#8243; width=&#8221;1\/6&#8243; tablet_width_inherit=&#8221;default&#8221; animation_type=&#8221;default&#8221; bg_image_animation=&#8221;none&#8221; border_type=&#8221;simple&#8221; column_border_width=&#8221;none&#8221; column_border_style=&#8221;solid&#8221;][\/vc_column][\/vc_row]\n","protected":false},"excerpt":{"rendered":"<p>[vc_row type=&#8221;full_width_background&#8221; full_screen_row_position=&#8221;middle&#8221; column_margin=&#8221;default&#8221; equal_height=&#8221;yes&#8221; content_placement=&#8221;top&#8221; column_direction=&#8221;default&#8221; column_direction_tablet=&#8221;default&#8221; column_direction_phone=&#8221;default&#8221; bg_color=&#8221;#ffffff&#8221; scene_position=&#8221;center&#8221; top_padding=&#8221;4%&#8221; text_color=&#8221;dark&#8221; text_align=&#8221;left&#8221; row_border_radius=&#8221;none&#8221; row_border_radius_applies=&#8221;bg&#8221; overflow=&#8221;visible&#8221; overlay_strength=&#8221;0.3&#8243;&#8230;<\/p>\n","protected":false},"author":1,"featured_media":0,"parent":0,"menu_order":0,"comment_status":"closed","ping_status":"closed","template":"","meta":{"footnotes":""},"class_list":["post-1523","page","type-page","status-publish"],"_links":{"self":[{"href":"https:\/\/casasdomarmore.pt\/en\/wp-json\/wp\/v2\/pages\/1523","targetHints":{"allow":["GET"]}}],"collection":[{"href":"https:\/\/casasdomarmore.pt\/en\/wp-json\/wp\/v2\/pages"}],"about":[{"href":"https:\/\/casasdomarmore.pt\/en\/wp-json\/wp\/v2\/types\/page"}],"author":[{"embeddable":true,"href":"https:\/\/casasdomarmore.pt\/en\/wp-json\/wp\/v2\/users\/1"}],"replies":[{"embeddable":true,"href":"https:\/\/casasdomarmore.pt\/en\/wp-json\/wp\/v2\/comments?post=1523"}],"version-history":[{"count":9,"href":"https:\/\/casasdomarmore.pt\/en\/wp-json\/wp\/v2\/pages\/1523\/revisions"}],"predecessor-version":[{"id":1587,"href":"https:\/\/casasdomarmore.pt\/en\/wp-json\/wp\/v2\/pages\/1523\/revisions\/1587"}],"wp:attachment":[{"href":"https:\/\/casasdomarmore.pt\/en\/wp-json\/wp\/v2\/media?parent=1523"}],"curies":[{"name":"wp","href":"https:\/\/api.w.org\/{rel}","templated":true}]}}