{"id":1533,"date":"2025-06-17T14:40:14","date_gmt":"2025-06-17T14:40:14","guid":{"rendered":"https:\/\/casasdomarmore.pt\/politique-de-confidentialite\/"},"modified":"2025-06-17T16:40:44","modified_gmt":"2025-06-17T16:40:44","slug":"politique-de-confidentialite","status":"publish","type":"page","link":"https:\/\/casasdomarmore.pt\/fr\/politique-de-confidentialite\/","title":{"rendered":"Politique de confidentialit\u00e9"},"content":{"rendered":"[vc_row type=\u00a0\u00bbfull_width_background\u00a0\u00bb full_screen_row_position=\u00a0\u00bbmiddle\u00a0\u00bb column_margin=\u00a0\u00bbdefault\u00a0\u00bb column_direction=\u00a0\u00bbdefault\u00a0\u00bb column_direction_tablet=\u00a0\u00bbdefault\u00a0\u00bb column_direction_phone=\u00a0\u00bbdefault\u00a0\u00bb scene_position=\u00a0\u00bbcenter\u00a0\u00bb top_padding=\u00a0\u00bb6%\u00a0\u00bb bottom_padding=\u00a0\u00bb4%\u00a0\u00bb text_color=\u00a0\u00bbdark\u00a0\u00bb text_align=\u00a0\u00bbleft\u00a0\u00bb row_border_radius=\u00a0\u00bbnone\u00a0\u00bb row_border_radius_applies=\u00a0\u00bbbg\u00a0\u00bb overflow=\u00a0\u00bbvisible\u00a0\u00bb overlay_strength=\u00a0\u00bb0.3&Prime; gradient_direction=\u00a0\u00bbleft_to_right\u00a0\u00bb shape_divider_position=\u00a0\u00bbbottom\u00a0\u00bb bg_image_animation=\u00a0\u00bbnone\u00a0\u00bb gradient_type=\u00a0\u00bbdefault\u00a0\u00bb shape_type=\u00a0\u00bb\u00a0\u00bb][vc_column column_padding=\u00a0\u00bbno-extra-padding\u00a0\u00bb column_padding_tablet=\u00a0\u00bbinherit\u00a0\u00bb column_padding_phone=\u00a0\u00bbinherit\u00a0\u00bb column_padding_position=\u00a0\u00bball\u00a0\u00bb column_element_direction_desktop=\u00a0\u00bbdefault\u00a0\u00bb column_element_spacing=\u00a0\u00bbdefault\u00a0\u00bb desktop_text_alignment=\u00a0\u00bbdefault\u00a0\u00bb tablet_text_alignment=\u00a0\u00bbdefault\u00a0\u00bb phone_text_alignment=\u00a0\u00bbdefault\u00a0\u00bb background_color_opacity=\u00a0\u00bb1&Prime; background_hover_color_opacity=\u00a0\u00bb1&Prime; column_backdrop_filter=\u00a0\u00bbnone\u00a0\u00bb column_shadow=\u00a0\u00bbnone\u00a0\u00bb column_border_radius=\u00a0\u00bbnone\u00a0\u00bb column_link_target=\u00a0\u00bb_self\u00a0\u00bb column_position=\u00a0\u00bbdefault\u00a0\u00bb gradient_direction=\u00a0\u00bbleft_to_right\u00a0\u00bb overlay_strength=\u00a0\u00bb0.3&Prime; width=\u00a0\u00bb1\/6&Prime; tablet_width_inherit=\u00a0\u00bbdefault\u00a0\u00bb animation_type=\u00a0\u00bbdefault\u00a0\u00bb bg_image_animation=\u00a0\u00bbnone\u00a0\u00bb border_type=\u00a0\u00bbsimple\u00a0\u00bb column_border_width=\u00a0\u00bbnone\u00a0\u00bb column_border_style=\u00a0\u00bbsolid\u00a0\u00bb][\/vc_column][vc_column column_padding=\u00a0\u00bbno-extra-padding\u00a0\u00bb column_padding_tablet=\u00a0\u00bbinherit\u00a0\u00bb column_padding_phone=\u00a0\u00bbinherit\u00a0\u00bb column_padding_position=\u00a0\u00bball\u00a0\u00bb column_element_direction_desktop=\u00a0\u00bbdefault\u00a0\u00bb column_element_spacing=\u00a0\u00bbdefault\u00a0\u00bb desktop_text_alignment=\u00a0\u00bbdefault\u00a0\u00bb tablet_text_alignment=\u00a0\u00bbdefault\u00a0\u00bb phone_text_alignment=\u00a0\u00bbdefault\u00a0\u00bb background_color_opacity=\u00a0\u00bb1&Prime; background_hover_color_opacity=\u00a0\u00bb1&Prime; column_backdrop_filter=\u00a0\u00bbnone\u00a0\u00bb column_shadow=\u00a0\u00bbnone\u00a0\u00bb column_border_radius=\u00a0\u00bbnone\u00a0\u00bb column_link_target=\u00a0\u00bb_self\u00a0\u00bb column_position=\u00a0\u00bbdefault\u00a0\u00bb gradient_direction=\u00a0\u00bbleft_to_right\u00a0\u00bb overlay_strength=\u00a0\u00bb0.3&Prime; width=\u00a0\u00bb2\/3&Prime; tablet_width_inherit=\u00a0\u00bbdefault\u00a0\u00bb animation_type=\u00a0\u00bbdefault\u00a0\u00bb bg_image_animation=\u00a0\u00bbnone\u00a0\u00bb border_type=\u00a0\u00bbsimple\u00a0\u00bb column_border_width=\u00a0\u00bbnone\u00a0\u00bb column_border_style=\u00a0\u00bbsolid\u00a0\u00bb][vc_column_text css=\u00a0\u00bb\u00a0\u00bb text_direction=\u00a0\u00bbdefault\u00a0\u00bb]<strong>POLITIQUE DE CONFIDENTIALIT\u00c9  <\/strong><\/p>\n<div><\/div>\n<div class=\"wpb_wrapper\">En acc\u00e9dant au site web des CASAS DO M\u00c1RMORE (\u00ab\u00a0site web\u00a0\u00bb), vous acceptez d&rsquo;\u00eatre li\u00e9 par les pr\u00e9sentes conditions d&rsquo;utilisation et la politique de confidentialit\u00e9, veuillez donc les lire attentivement. Si vous n&rsquo;acceptez pas les pr\u00e9sentes conditions d&rsquo;utilisation et la politique de protection de la vie priv\u00e9e, vous ne devez pas acc\u00e9der \u00e0 ce site web, ni y consulter ou y saisir des donn\u00e9es.<\/div>\n<div><\/div>\n<div class=\"wpb_wrapper\"><strong>Propri\u00e9t\u00e9 et acc\u00e8s  <\/strong><\/div>\n<div><\/div>\n<div class=\"wpb_wrapper\">L&rsquo;objectif de ce site est de fournir des informations promotionnelles sur le d\u00e9veloppement des CASAS DO M\u00c1RMORE, la programmation et les demandes de prix.<\/div>\n<div><\/div>\n<div class=\"wpb_wrapper\">Tous les droits de propri\u00e9t\u00e9 intellectuelle relatifs au contenu et aux informations fournies (textes, images, marques et logos) appartiennent exclusivement \u00e0 CASAS DO M\u00c1RMORE et \u00e0 nos partenaires. Il est express\u00e9ment interdit de copier, reproduire, modifier ou diffuser, en tout ou en partie, le contenu de ce site Web sans l&rsquo;autorisation \u00e9crite pr\u00e9alable de CASAS DO M\u00c1RMORE, \u00e0 l&rsquo;exception de ce qui est strictement n\u00e9cessaire pour visualiser les pages qui composent ce site Web et pour un usage priv\u00e9 et non commercial.<\/div>\n<div><\/div>\n<div class=\"wpb_wrapper\">CASAS DO M\u00c1RMORE ne reconna\u00eet aucun droit sur le mat\u00e9riel et\/ou les id\u00e9es qui peuvent \u00eatre pr\u00e9sent\u00e9s sur ce site Web par les visiteurs sans que nous leur ayons demand\u00e9 de le faire au pr\u00e9alable. CASAS DO M\u00c1RMORE se r\u00e9serve le droit de consid\u00e9rer tout le mat\u00e9riel envoy\u00e9 par le biais de ce site Web comme non confidentiel et non couvert par les droits de propri\u00e9t\u00e9 intellectuelle de tiers, et pourra \u00eatre utilis\u00e9 dans la publicit\u00e9 et les promotions cr\u00e9\u00e9es par CASAS DO M\u00c1RMORE, qui ne seront en aucun cas consid\u00e9r\u00e9es comme des \u0153uvres de collaboration, des \u0153uvres collectives ou des \u0153uvres composites.<\/div>\n<div><\/div>\n<div class=\"wpb_wrapper\"><strong>S\u00e9curit\u00e9  <\/strong><\/div>\n<div><\/div>\n<div class=\"wpb_wrapper\">CASAS DO M\u00c1RMORE n&rsquo;est pas responsable et ne fournit aucune garantie quant aux informations fournies par le biais de ce site web. Vous pouvez trouver des liens vers d&rsquo;autres sites Web, et CASAS DO M\u00c1RMORE n&rsquo;est pas responsable du contenu, de l&rsquo;exactitude, de la cr\u00e9dibilit\u00e9 ou des fonctionnalit\u00e9s des sites Web de tiers.<\/div>\n<div><\/div>\n<div class=\"wpb_wrapper\">CASAS DO M\u00c1RMORE d\u00e9cline toute responsabilit\u00e9 en cas d&rsquo;interruption de la pr\u00e9sentation du site, de virus ou d&rsquo;autres dommages pouvant \u00eatre caus\u00e9s \u00e0 ses utilisateurs.<\/div>\n<div><\/div>\n<div class=\"wpb_wrapper\">Toute connexion entre le site CASAS DO M\u00c1RMORE.PT et d&rsquo;autres sites Internet sans l&rsquo;autorisation \u00e9crite pr\u00e9alable de CASAS DO M\u00c1RMORE est strictement interdite.<\/div>\n<div><\/div>\n<div class=\"wpb_wrapper\">Si vous avez trouv\u00e9 sur ce site un contenu susceptible d&rsquo;enfreindre les droits d&rsquo;auteur, veuillez nous contacter imm\u00e9diatement aux adresses suivantes :<\/div>\n<div><\/div>\n<div class=\"wpb_wrapper\">\n<div class=\"wpb_wrapper\">\n<p style=\"font-weight: 400;\"><strong>Casas Do M\u00e1rmore<br \/>\n<\/strong>NormaMargem, LDA<br \/>\nRua S\u00e3o Pedro n\u00ba10 Arm\u00e9s,<br \/>\n2715-771 Terrugem &#8211; Sintra<br \/>\nPortugal<\/p>\n<\/div>\n<div class=\"wpb_wrapper\">Courriel : geral@casasdomarmore.pt<\/div>\n<\/div>\n<div><\/div>\n<div class=\"wpb_wrapper\"><strong>Protection des donn\u00e9es personnelles  <\/strong><\/div>\n<div><\/div>\n<div class=\"wpb_wrapper\">L&rsquo;utilisation du site web implique la collecte de l&rsquo;adresse IP de l&rsquo;ordinateur de l&rsquo;utilisateur pour acc\u00e9der aux sites web, ainsi que la collecte d&rsquo;informations relatives au fournisseur d&rsquo;acc\u00e8s \u00e0 Internet de l&rsquo;utilisateur, au type de navigateur Internet ou au syst\u00e8me d&rsquo;exploitation utilis\u00e9. Les donn\u00e9es recueillies par CASAS DO M\u00c1RMORE font l&rsquo;objet d&rsquo;un traitement informatique, dans certains cas automatique, mais toujours dans le strict respect de la l\u00e9gislation nationale et communautaire en vigueur en mati\u00e8re de protection et de confidentialit\u00e9 des donn\u00e9es personnelles. CASAS DO M\u00c1RMORE respecte votre droit \u00e0 la vie priv\u00e9e sur Internet et s&rsquo;efforce de pr\u00e9server la s\u00e9curit\u00e9 des informations personnelles que vous nous fournissez. CASAS DO M\u00c1RMORE ne recueille des donn\u00e9es personnelles, telles que votre nom et votre adresse \u00e9lectronique, que lorsqu&rsquo;elles sont volontairement saisies sur ce site Web, \u00e0 des fins statistiques.<\/div>\n<div><\/div>\n<div class=\"wpb_wrapper\"><strong>Entit\u00e9 responsable du traitement<\/strong><\/div>\n<div><\/div>\n<div class=\"wpb_wrapper\">L&rsquo;entit\u00e9 responsable du traitement est CASAS DO M\u00c1RMORE ou une autre soci\u00e9t\u00e9 engag\u00e9e par CASAS DO M\u00c1RMORE \u00e0 cette fin.<\/div>\n<div><\/div>\n<div class=\"wpb_wrapper\"><strong>Dur\u00e9e de conservation des donn\u00e9es  <\/strong><\/div>\n<div><\/div>\n<div class=\"wpb_wrapper\">Sans pr\u00e9judice de dispositions l\u00e9gales ou r\u00e9glementaires contraires, les donn\u00e9es ne sont conserv\u00e9es que pendant la dur\u00e9e minimale n\u00e9cessaire aux finalit\u00e9s pour lesquelles elles sont collect\u00e9es ou trait\u00e9es ult\u00e9rieurement.<\/div>\n<div class=\"wpb_wrapper\">Vous pouvez vous opposer, \u00e0 tout moment, \u00e0 l&rsquo;utilisation de vos donn\u00e9es \u00e0 des fins de marketing, pour l&rsquo;envoi de communications informatives ou pour l&rsquo;inclusion dans des listes ou des services d&rsquo;information, pour corriger ou mettre \u00e0 jour les donn\u00e9es personnelles que vous avez fournies sur le site web de CASAS DO M\u00c1RMORE, en envoyant une demande \u00e9crite adress\u00e9e \u00e0 la \u00ab Protection des donn\u00e9es CASAS DO M\u00c1RMORE \u00bb \u00e0 l&rsquo;adresse suivante :<\/div>\n<div><\/div>\n<div class=\"wpb_wrapper\">\n<div class=\"wpb_wrapper\">\n<div class=\"wpb_wrapper\">\n<p style=\"font-weight: 400;\"><strong>Casas Do M\u00e1rmore<br \/>\n<\/strong>NormaMargem, LDA<br \/>\nRua S\u00e3o Pedro n\u00ba10 Arm\u00e9s,<br \/>\n2715-771 Terrugem &#8211; Sintra<br \/>\nPortugal<\/p>\n<\/div>\n<div class=\"wpb_wrapper\">Courriel : geral@casasdomarmore.pt<\/div>\n<\/div>\n<\/div>\n<div><\/div>\n<div class=\"wpb_wrapper\"><strong>Utilisation des cookies  <\/strong><\/div>\n<div><\/div>\n<div class=\"wpb_wrapper\">CASAS DO M\u00c1RMORE utilise des cookies sur son site Web afin d&rsquo;am\u00e9liorer les performances et l&rsquo;exp\u00e9rience de navigation de ses utilisateurs, en augmentant, d&rsquo;une part, la rapidit\u00e9 et l&rsquo;efficacit\u00e9 de la r\u00e9ponse et, d&rsquo;autre part, en \u00e9liminant la n\u00e9cessit\u00e9 de saisir plusieurs fois les m\u00eames informations. L&rsquo;installation de cookies n&rsquo;aide pas seulement le site web \u00e0 reconna\u00eetre l&rsquo;appareil de l&rsquo;utilisateur lors de sa prochaine visite, mais elle est \u00e9galement essentielle \u00e0 son fonctionnement. Les cookies utilis\u00e9s par CASAS DO M\u00c1RMORE sur son site Web ne recueillent pas d&rsquo;informations personnelles permettant d&rsquo;identifier l&rsquo;utilisateur, mais uniquement des informations g\u00e9n\u00e9riques, \u00e0 savoir la mani\u00e8re ou le lieu\/pays dans lequel l&rsquo;utilisateur acc\u00e8de au site Web et la fa\u00e7on dont il l&rsquo;utilise, entre autres. Les cookies ne conservent que les informations relatives aux pr\u00e9f\u00e9rences de l&rsquo;utilisateur. L&rsquo;utilisateur peut, \u00e0 tout moment et via son navigateur, d\u00e9cider d&rsquo;\u00eatre averti de la r\u00e9ception de cookies, ainsi que de bloquer leur entr\u00e9e dans son syst\u00e8me. Veuillez noter que le refus d&rsquo;utiliser des cookies peut entra\u00eener l&rsquo;impossibilit\u00e9 d&rsquo;acc\u00e9der \u00e0 certaines parties du site CASAS DO M\u00c1RMORE.<\/div>\n<div><\/div>\n<div class=\"wpb_wrapper\"><strong>Changements  <\/strong><\/div>\n<div><\/div>\n<div class=\"wpb_wrapper\">CASAS DO M\u00c1RMORE se r\u00e9serve le droit de modifier les pr\u00e9sentes conditions d&rsquo;utilisation et la politique de confidentialit\u00e9. Chaque fois qu&rsquo;il le fera, il publiera la date de la derni\u00e8re mise \u00e0 jour au bas de cette page. CASAS DO M\u00c1RMORE se r\u00e9serve \u00e9galement le droit de modifier, de suspendre ou d&rsquo;interrompre ce site Web ou une partie de son contenu sans pr\u00e9avis.<\/div>\n<div><\/div>\n<div class=\"wpb_wrapper\"><strong>Droit et juridiction  <\/strong><\/div>\n<div><\/div>\n<div class=\"wpb_wrapper\">Ce site web a \u00e9t\u00e9 cr\u00e9\u00e9 et fonctionne selon les termes du R\u00e8glement g\u00e9n\u00e9ral sur la protection des donn\u00e9es et de la loi portugaise. L&rsquo;acc\u00e8s \u00e0 ce site est subordonn\u00e9 \u00e0 l&rsquo;acceptation des pr\u00e9sentes conditions et tout litige y aff\u00e9rent sera r\u00e9gi par la l\u00e9gislation portugaise en vigueur, seuls les tribunaux du district de Lisbonne \u00e9tant comp\u00e9tents, avec renonciation expresse \u00e0 toute autre juridiction. Si l&rsquo;une des conditions est jug\u00e9e nulle, ill\u00e9gale ou inapplicable par une d\u00e9cision de justice, cela n&rsquo;affectera pas les autres conditions, qui resteront valables dans toute la mesure permise par la loi.<\/div>\n[\/vc_column_text][\/vc_column][vc_column column_padding=\u00a0\u00bbno-extra-padding\u00a0\u00bb column_padding_tablet=\u00a0\u00bbinherit\u00a0\u00bb column_padding_phone=\u00a0\u00bbinherit\u00a0\u00bb column_padding_position=\u00a0\u00bball\u00a0\u00bb column_element_direction_desktop=\u00a0\u00bbdefault\u00a0\u00bb column_element_spacing=\u00a0\u00bbdefault\u00a0\u00bb desktop_text_alignment=\u00a0\u00bbdefault\u00a0\u00bb tablet_text_alignment=\u00a0\u00bbdefault\u00a0\u00bb phone_text_alignment=\u00a0\u00bbdefault\u00a0\u00bb background_color_opacity=\u00a0\u00bb1&Prime; background_hover_color_opacity=\u00a0\u00bb1&Prime; column_backdrop_filter=\u00a0\u00bbnone\u00a0\u00bb column_shadow=\u00a0\u00bbnone\u00a0\u00bb column_border_radius=\u00a0\u00bbnone\u00a0\u00bb column_link_target=\u00a0\u00bb_self\u00a0\u00bb column_position=\u00a0\u00bbdefault\u00a0\u00bb gradient_direction=\u00a0\u00bbleft_to_right\u00a0\u00bb overlay_strength=\u00a0\u00bb0.3&Prime; width=\u00a0\u00bb1\/6&Prime; tablet_width_inherit=\u00a0\u00bbdefault\u00a0\u00bb animation_type=\u00a0\u00bbdefault\u00a0\u00bb bg_image_animation=\u00a0\u00bbnone\u00a0\u00bb border_type=\u00a0\u00bbsimple\u00a0\u00bb column_border_width=\u00a0\u00bbnone\u00a0\u00bb column_border_style=\u00a0\u00bbsolid\u00a0\u00bb][\/vc_column][\/vc_row]\n","protected":false},"excerpt":{"rendered":"<p>[vc_row type=\u00a0\u00bbfull_width_background\u00a0\u00bb full_screen_row_position=\u00a0\u00bbmiddle\u00a0\u00bb column_margin=\u00a0\u00bbdefault\u00a0\u00bb column_direction=\u00a0\u00bbdefault\u00a0\u00bb column_direction_tablet=\u00a0\u00bbdefault\u00a0\u00bb column_direction_phone=\u00a0\u00bbdefault\u00a0\u00bb scene_position=\u00a0\u00bbcenter\u00a0\u00bb top_padding=\u00a0\u00bb6%\u00a0\u00bb bottom_padding=\u00a0\u00bb4%\u00a0\u00bb text_color=\u00a0\u00bbdark\u00a0\u00bb text_align=\u00a0\u00bbleft\u00a0\u00bb row_border_radius=\u00a0\u00bbnone\u00a0\u00bb row_border_radius_applies=\u00a0\u00bbbg\u00a0\u00bb overflow=\u00a0\u00bbvisible\u00a0\u00bb overlay_strength=\u00a0\u00bb0.3&Prime; gradient_direction=\u00a0\u00bbleft_to_right\u00a0\u00bb shape_divider_position=\u00a0\u00bbbottom\u00a0\u00bb&#8230;<\/p>\n","protected":false},"author":1,"featured_media":0,"parent":0,"menu_order":0,"comment_status":"closed","ping_status":"closed","template":"","meta":{"footnotes":""},"class_list":["post-1533","page","type-page","status-publish"],"_links":{"self":[{"href":"https:\/\/casasdomarmore.pt\/fr\/wp-json\/wp\/v2\/pages\/1533","targetHints":{"allow":["GET"]}}],"collection":[{"href":"https:\/\/casasdomarmore.pt\/fr\/wp-json\/wp\/v2\/pages"}],"about":[{"href":"https:\/\/casasdomarmore.pt\/fr\/wp-json\/wp\/v2\/types\/page"}],"author":[{"embeddable":true,"href":"https:\/\/casasdomarmore.pt\/fr\/wp-json\/wp\/v2\/users\/1"}],"replies":[{"embeddable":true,"href":"https:\/\/casasdomarmore.pt\/fr\/wp-json\/wp\/v2\/comments?post=1533"}],"version-history":[{"count":8,"href":"https:\/\/casasdomarmore.pt\/fr\/wp-json\/wp\/v2\/pages\/1533\/revisions"}],"predecessor-version":[{"id":1550,"href":"https:\/\/casasdomarmore.pt\/fr\/wp-json\/wp\/v2\/pages\/1533\/revisions\/1550"}],"wp:attachment":[{"href":"https:\/\/casasdomarmore.pt\/fr\/wp-json\/wp\/v2\/media?parent=1533"}],"curies":[{"name":"wp","href":"https:\/\/api.w.org\/{rel}","templated":true}]}}